{"id":1461,"date":"2025-01-02T10:20:20","date_gmt":"2025-01-02T07:20:20","guid":{"rendered":"http:\/\/finance.bold-themes.com\/main-demo\/?page_id=1461"},"modified":"2026-03-13T13:01:12","modified_gmt":"2026-03-13T10:01:12","slug":"yhteystiedot","status":"publish","type":"page","link":"https:\/\/combitrans.ee\/fi\/yhteystiedot\/","title":{"rendered":"Yhteystiedot"},"content":{"rendered":"<p><section id=\"bt_section6a05a5e861d53\"  class=\"boldSection topSemiSpaced bottomSmallSpaced gutter boxed inherit\" ><div class=\"port\"><div class=\"boldCell\"><div class=\"boldCellInner\"><div class=\"boldRow \" ><div class=\"boldRowInner\"><div class=\"rowItem btRightBorder col-md-4 col-ms-12 btTextLeft animate animate-fadein inherit btTextIndent\"  data-width=\"4\"><div class=\"rowItemContent\" ><div class=\"bpgPhoto btDefaultHoverType\" ><div class = \"btImage\"><img decoding=\"async\" src=\"https:\/\/combitrans.ee\/fi\/wp-content\/uploads\/2025\/05\/combitrans-640x480.jpg\" alt=\"\" title=\"\"><\/div><\/div><div class=\"btClear btSeparator topSmallSpaced noBorder\" ><hr><\/div><header class=\"header btClear medium btDash bottomDash  thin\" ><div class=\"btSuperTitle\"><span>VILJANDI TOIMISTO<\/span><\/div><div class=\"dash\"><h3><span class=\"headline\"><b class=\"animate\">Combitrans O\u00dc<\/b><\/span><\/h3><\/div><\/header><div class=\"btClear btSeparator topSmallSpaced noBorder\" ><hr><\/div><span class=\"btIco btIcoDefaultType btIcoMediumSize btIcoDefaultColor btIconCircleShape\"><a href=\"https:\/\/maps.app.goo.gl\/dhdBhKfAro5hJq4d9\"  target=\"no_target\" data-ico-fa=\"&#xf124;\" class=\"btIcoHolder\"><span>Reinu tee 30, Viljandi, 71020<\/span><\/a><\/span><div class=\"btClear btSeparator noBorder\" ><hr><\/div><span class=\"btIco btIcoDefaultType btIcoMediumSize btIcoDefaultColor btIconCircleShape\"><a href=\"tel:\/\/+372%20523%208332\"  target=\"no_target\" data-ico-fa=\"&#xf095;\" class=\"btIcoHolder\"><span>+372 523 8332<\/span><\/a><\/span><div class=\"btClear btSeparator noBorder\" ><hr><\/div><span class=\"btIco btIcoDefaultType btIcoMediumSize btIcoDefaultColor btIconCircleShape\"><a href=\"https:\/\/combitrans.ee\/fi\"  target=\"_self\" data-ico-fa=\"&#xf0c1;\" class=\"btIcoHolder\"><span>combitrans.ee<\/span><\/a><\/span><div class=\"btClear btSeparator noBorder\" ><hr><\/div><span class=\"btIco btIcoDefaultType btIcoMediumSize btIcoDefaultColor btIconCircleShape\"><a href=\"mailto:info@combitrans.ee\"  target=\"_self\" data-ico-fa=\"&#xf0e0;\" class=\"btIcoHolder\"><span>info@combitrans.ee<\/span><\/a><\/span><div class=\"btClear btSeparator topSemiSpaced noBorder\" ><hr><\/div><\/div><\/div><div class=\"rowItem col-md-8 col-ms-12 btTextLeft inherit\"  data-width=\"8\"><div class=\"rowItemContent\" >\n\t\t<div class=\"btGoogleMapsWrapper gutter\"><div class=\"btGoogleMapsContainer \" id=\"map_canvas6a05a5e8623f0\" style=\"height:630px;;\" ><\/div><\/div>\n\t\t<script type=\"text\/javascript\">\n\t\t\tjQuery( document ).ready(function() {\n\t\t\t\tbt_gmap_init( map_canvas6a05a5e8623f0, 58.3474696070667, 25.56788235555052, 16, \"https:\/\/combitrans.ee\/fi\/wp-content\/uploads\/2016\/07\/pin_dark.png\", \"\", \"\", \"\", \"\" );\n\t\t\t});\t\n\t\t<\/script>\n\t\t<div class=\"btClear btSeparator topSemiSpaced noBorder\" ><hr><\/div><\/div><\/div><\/div><\/div><\/div><\/div><\/div><\/section><section id=\"bt_section6a05a5e86246d\"  class=\"boldSection gutter boxed inherit\" ><div class=\"port\"><div class=\"boldCell\"><div class=\"boldCellInner\"><div class=\"boldRow \" ><div class=\"boldRowInner\"><div class=\"rowItem col-md-12 col-ms-12  btTextLeft animate animate-fadein inherit btLightSkin\"  data-width=\"12\"><div class=\"rowItemContent\" style = \"background-color: rgba(255, 255, 255, 0.6); \"><div class=\"boldRow \" style=\"float: right;\"><div class=\"boldRowInner\"><div class=\"rowItem rowInnerItem col-sm-12  btTextLeft\"  ><div class=\"rowItemContent\"><header class=\"header btClear large btDash bottomDash  regular\" ><div class=\"dash\"><h2><span class=\"headline\">Yhteydenottolomake<\/span><\/h2><\/div><div class=\"btSubTitle\">Ota meihin yhteytt\u00e4 puhelimitse tai s\u00e4hk\u00f6postitse tai t\u00e4yt\u00e4 alla oleva yhteydenottolomake ja l\u00e4het\u00e4 meille kysymyksesi tai tarjouspyynt\u00f6si. Ensimm\u00e4inen konsultaatio on sinulle t\u00e4ysin maksuton eik\u00e4 sido sinua mihink\u00e4\u00e4n.<\/div><\/header><div class=\"btClear btSeparator topSmallSpaced noBorder\" ><hr><\/div><span class=\"btIco btIcoDefaultType btIcoMediumSize btIcoDefaultColor btIconCircleShape\"><a href=\"tel:\/\/+372%20523%208332\"  target=\"no_target\" data-ico-fa=\"&#xf095;\" class=\"btIcoHolder\"><span>+372 523 8332<\/span><\/a><\/span><span class=\"btIco btIcoDefaultType btIcoMediumSize btIcoDefaultColor btIconCircleShape\"><a href=\"mailto:info@combitrans.ee\"  target=\"_self\" data-ico-fa=\"&#xf0e0;\" class=\"btIcoHolder\"><span>info@combitrans.ee<\/span><\/a><\/span><div class=\"btClear btSeparator topSemiSpaced noBorder\" ><hr><\/div><div class=\"btText\" ><\/p>\n<div class=\"wpcf7 no-js\" id=\"wpcf7-f3020-o1\" lang=\"en-US\" dir=\"ltr\" data-wpcf7-id=\"3020\">\n<div class=\"screen-reader-response\">\n<p role=\"status\" aria-live=\"polite\" aria-atomic=\"true\">\n<ul><\/ul>\n<\/div>\n<form action=\"\/fi\/wp-json\/wp\/v2\/pages\/1461#wpcf7-f3020-o1\" method=\"post\" class=\"wpcf7-form init\" aria-label=\"Contact form\" novalidate=\"novalidate\" data-status=\"init\">\n<fieldset class=\"hidden-fields-container\"><input type=\"hidden\" name=\"_wpcf7\" value=\"3020\" \/><input type=\"hidden\" name=\"_wpcf7_version\" value=\"6.1.5\" \/><input type=\"hidden\" name=\"_wpcf7_locale\" value=\"en_US\" \/><input type=\"hidden\" name=\"_wpcf7_unit_tag\" value=\"wpcf7-f3020-o1\" \/><input type=\"hidden\" name=\"_wpcf7_container_post\" value=\"0\" \/><input type=\"hidden\" name=\"_wpcf7_posted_data_hash\" value=\"\" \/><input type=\"hidden\" name=\"_wpcf7_recaptcha_response\" value=\"\" \/><br \/>\n<\/fieldset>\n<p><label> Yhteydenoton aihe<br \/>\n<span class=\"wpcf7-form-control-wrap\" data-name=\"palvelu\"><select class=\"wpcf7-form-control wpcf7-select\" aria-invalid=\"false\" name=\"palvelu\"><option value=\"- Valitse yhteydenoton syy -\">&#8211; Valitse yhteydenoton syy &#8211;<\/option><option value=\"Haketuspalvelut\">Haketuspalvelut<\/option><option value=\"Kuljetus ja logistiikka\">Kuljetus ja logistiikka<\/option><option value=\"Mets\u00e4talouspalvelut\">Mets\u00e4talouspalvelut<\/option><option value=\"Muu kysely \/ konsultaatio\">Muu kysely \/ konsultaatio<\/option><\/select><\/span> <\/label>\n<\/p>\n<p><label> Nimi*<br \/>\n<span class=\"wpcf7-form-control-wrap\" data-name=\"nimi\"><input size=\"40\" maxlength=\"400\" class=\"wpcf7-form-control wpcf7-text wpcf7-validates-as-required\" aria-required=\"true\" aria-invalid=\"false\" placeholder=\"Etunimi ja sukunimi\" value=\"\" type=\"text\" name=\"nimi\" \/><\/span> <\/label>\n<\/p>\n<p><label> S\u00e4hk\u00f6posti*<br \/>\n<span class=\"wpcf7-form-control-wrap\" data-name=\"email\"><input size=\"40\" maxlength=\"400\" class=\"wpcf7-form-control wpcf7-email wpcf7-validates-as-required wpcf7-text wpcf7-validates-as-email\" aria-required=\"true\" aria-invalid=\"false\" placeholder=\"E-mail\" value=\"\" type=\"email\" name=\"email\" \/><\/span> <\/label>\n<\/p>\n<p><label> Puhelin*<br \/>\n<span class=\"wpcf7-form-control-wrap\" data-name=\"telefon\"><input size=\"40\" maxlength=\"400\" class=\"wpcf7-form-control wpcf7-tel wpcf7-validates-as-required wpcf7-text wpcf7-validates-as-tel\" aria-required=\"true\" aria-invalid=\"false\" placeholder=\"Puhelinnumero\" value=\"\" type=\"tel\" name=\"telefon\" \/><\/span> <\/label>\n<\/p>\n<p><label> Kiinteist\u00f6tunnus<br \/>\n<span class=\"wpcf7-form-control-wrap\" data-name=\"katastritunnus\"><input size=\"40\" maxlength=\"400\" class=\"wpcf7-form-control wpcf7-text\" aria-invalid=\"false\" placeholder=\"esim.: 11111:111:1111\" value=\"\" type=\"text\" name=\"katastritunnus\" \/><\/span> <\/label>\n<\/p>\n<p><label> Lis\u00e4tiedot<br \/>\n<span class=\"wpcf7-form-control-wrap\" data-name=\"lisainfo\"><textarea cols=\"40\" rows=\"10\" maxlength=\"2000\" class=\"wpcf7-form-control wpcf7-textarea\" aria-invalid=\"false\" placeholder=\"esim.: Haluan tarjouspyynn\u00f6n alikasvoksen raivauksesta, puutavaran kuljetuksesta sek\u00e4 hakepuun tuotannosta mets\u00e4st\u00e4 saadusta materiaalista.\" name=\"lisainfo\"><\/textarea><\/span> <\/label>\n<\/p>\n<p><input class=\"wpcf7-form-control wpcf7-submit has-spinner\" type=\"submit\" value=\"L\u00e4het\u00e4 kysely\" \/>\n<\/p>\n<div class=\"wpcf7-response-output\" aria-hidden=\"true\"><\/div>\n<\/form>\n<\/div>\n<p>\n<\/div><div class=\"btClear btSeparator topSmallSpaced bottomSmallSpaced noBorder\" ><hr><\/div><\/div><\/div><\/div><\/div><\/div><\/div><\/div><\/div><\/div><\/div><\/div><\/section><\/p>\n","protected":false},"excerpt":{"rendered":"<p>Combitrans on yksi Viron suurimmista puuhakkeen tuotannon, irtomateriaalien kuljetuksen ja mets\u00e4t\u00f6iden palveluntarjoajista. Ota meihin yhteytt\u00e4 keskustellaksesi yhteisty\u00f6mahdollisuuksista tai pyyt\u00e4\u00e4ksesi tarjouksen.<\/p>\n","protected":false},"author":3,"featured_media":5077,"parent":0,"menu_order":0,"comment_status":"closed","ping_status":"closed","template":"","meta":{"footnotes":""},"class_list":["post-1461","page","type-page","status-publish","has-post-thumbnail","hentry"],"yoast_head":"<!-- This site is optimized with the Yoast SEO plugin v27.5 - https:\/\/yoast.com\/product\/yoast-seo-wordpress\/ -->\n<title>Yhteystiedot | Combitrans O\u00dc<\/title>\n<meta name=\"description\" content=\"Ota yhteytt\u00e4 Combitransiin \u2013 pyyd\u00e4 tarjous tai lis\u00e4tietoja puuhakkeen tuotannosta, mets\u00e4talouspalveluista ja kuljetuspalveluista.\" \/>\n<meta name=\"robots\" content=\"index, follow, max-snippet:-1, max-image-preview:large, max-video-preview:-1\" \/>\n<link rel=\"canonical\" href=\"https:\/\/combitrans.ee\/fi\/yhteystiedot\/\" \/>\n<meta property=\"og:locale\" content=\"en_US\" \/>\n<meta property=\"og:type\" content=\"article\" \/>\n<meta property=\"og:title\" content=\"Yhteystiedot | Combitrans O\u00dc\" \/>\n<meta property=\"og:description\" content=\"Ota yhteytt\u00e4 Combitransiin \u2013 pyyd\u00e4 tarjous tai lis\u00e4tietoja puuhakkeen tuotannosta, mets\u00e4talouspalveluista ja kuljetuspalveluista.\" \/>\n<meta property=\"og:url\" content=\"https:\/\/combitrans.ee\/fi\/yhteystiedot\/\" \/>\n<meta property=\"og:site_name\" content=\"Combitrans\" \/>\n<meta property=\"article:modified_time\" content=\"2026-03-13T10:01:12+00:00\" \/>\n<meta property=\"og:image\" content=\"https:\/\/combitrans.ee\/fi\/wp-content\/uploads\/2025\/09\/combitrans-background-image.jpg\" \/>\n\t<meta property=\"og:image:width\" content=\"1680\" \/>\n\t<meta property=\"og:image:height\" content=\"730\" \/>\n\t<meta property=\"og:image:type\" content=\"image\/jpeg\" \/>\n<meta name=\"twitter:card\" content=\"summary_large_image\" \/>\n<meta name=\"twitter:label1\" content=\"Est. reading time\" \/>\n\t<meta name=\"twitter:data1\" content=\"1 minute\" \/>\n<script type=\"application\/ld+json\" class=\"yoast-schema-graph\">{\"@context\":\"https:\\\/\\\/schema.org\",\"@graph\":[{\"@type\":\"WebPage\",\"@id\":\"https:\\\/\\\/combitrans.ee\\\/fi\\\/yhteystiedot\\\/\",\"url\":\"https:\\\/\\\/combitrans.ee\\\/fi\\\/yhteystiedot\\\/\",\"name\":\"Yhteystiedot | Combitrans O\u00dc\",\"isPartOf\":{\"@id\":\"https:\\\/\\\/combitrans.ee\\\/fi\\\/#website\"},\"primaryImageOfPage\":{\"@id\":\"https:\\\/\\\/combitrans.ee\\\/fi\\\/yhteystiedot\\\/#primaryimage\"},\"image\":{\"@id\":\"https:\\\/\\\/combitrans.ee\\\/fi\\\/yhteystiedot\\\/#primaryimage\"},\"thumbnailUrl\":\"https:\\\/\\\/combitrans.ee\\\/fi\\\/wp-content\\\/uploads\\\/2025\\\/09\\\/combitrans-background-image.jpg\",\"datePublished\":\"2025-01-02T07:20:20+00:00\",\"dateModified\":\"2026-03-13T10:01:12+00:00\",\"description\":\"Ota yhteytt\u00e4 Combitransiin \u2013 pyyd\u00e4 tarjous tai lis\u00e4tietoja puuhakkeen tuotannosta, mets\u00e4talouspalveluista ja kuljetuspalveluista.\",\"breadcrumb\":{\"@id\":\"https:\\\/\\\/combitrans.ee\\\/fi\\\/yhteystiedot\\\/#breadcrumb\"},\"inLanguage\":\"en\",\"potentialAction\":[{\"@type\":\"ReadAction\",\"target\":[\"https:\\\/\\\/combitrans.ee\\\/fi\\\/yhteystiedot\\\/\"]}]},{\"@type\":\"ImageObject\",\"inLanguage\":\"en\",\"@id\":\"https:\\\/\\\/combitrans.ee\\\/fi\\\/yhteystiedot\\\/#primaryimage\",\"url\":\"https:\\\/\\\/combitrans.ee\\\/fi\\\/wp-content\\\/uploads\\\/2025\\\/09\\\/combitrans-background-image.jpg\",\"contentUrl\":\"https:\\\/\\\/combitrans.ee\\\/fi\\\/wp-content\\\/uploads\\\/2025\\\/09\\\/combitrans-background-image.jpg\",\"width\":1680,\"height\":730},{\"@type\":\"BreadcrumbList\",\"@id\":\"https:\\\/\\\/combitrans.ee\\\/fi\\\/yhteystiedot\\\/#breadcrumb\",\"itemListElement\":[{\"@type\":\"ListItem\",\"position\":1,\"name\":\"Home\",\"item\":\"https:\\\/\\\/combitrans.ee\\\/fi\\\/\"},{\"@type\":\"ListItem\",\"position\":2,\"name\":\"Yhteystiedot\"}]},{\"@type\":\"WebSite\",\"@id\":\"https:\\\/\\\/combitrans.ee\\\/fi\\\/#website\",\"url\":\"https:\\\/\\\/combitrans.ee\\\/fi\\\/\",\"name\":\"Combitrans - Hakkepuidu tootmine ja puistematerjalide vedu\",\"description\":\"Hakkepuidu tootmine ja puistematerjalide vedu\",\"publisher\":{\"@id\":\"https:\\\/\\\/combitrans.ee\\\/fi\\\/#organization\"},\"potentialAction\":[{\"@type\":\"SearchAction\",\"target\":{\"@type\":\"EntryPoint\",\"urlTemplate\":\"https:\\\/\\\/combitrans.ee\\\/fi\\\/?s={search_term_string}\"},\"query-input\":{\"@type\":\"PropertyValueSpecification\",\"valueRequired\":true,\"valueName\":\"search_term_string\"}}],\"inLanguage\":\"en\"},{\"@type\":\"Organization\",\"@id\":\"https:\\\/\\\/combitrans.ee\\\/fi\\\/#organization\",\"name\":\"Combitrans O\u00dc\",\"url\":\"https:\\\/\\\/combitrans.ee\\\/fi\\\/\",\"logo\":{\"@type\":\"ImageObject\",\"inLanguage\":\"en\",\"@id\":\"https:\\\/\\\/combitrans.ee\\\/fi\\\/#\\\/schema\\\/logo\\\/image\\\/\",\"url\":\"https:\\\/\\\/combitrans.ee\\\/fi\\\/wp-content\\\/uploads\\\/2025\\\/05\\\/combitrans-logo-black-2.png\",\"contentUrl\":\"https:\\\/\\\/combitrans.ee\\\/fi\\\/wp-content\\\/uploads\\\/2025\\\/05\\\/combitrans-logo-black-2.png\",\"width\":480,\"height\":200,\"caption\":\"Combitrans O\u00dc\"},\"image\":{\"@id\":\"https:\\\/\\\/combitrans.ee\\\/fi\\\/#\\\/schema\\\/logo\\\/image\\\/\"}}]}<\/script>\n<!-- \/ Yoast SEO plugin. -->","yoast_head_json":{"title":"Yhteystiedot | Combitrans O\u00dc","description":"Ota yhteytt\u00e4 Combitransiin \u2013 pyyd\u00e4 tarjous tai lis\u00e4tietoja puuhakkeen tuotannosta, mets\u00e4talouspalveluista ja kuljetuspalveluista.","robots":{"index":"index","follow":"follow","max-snippet":"max-snippet:-1","max-image-preview":"max-image-preview:large","max-video-preview":"max-video-preview:-1"},"canonical":"https:\/\/combitrans.ee\/fi\/yhteystiedot\/","og_locale":"en_US","og_type":"article","og_title":"Yhteystiedot | Combitrans O\u00dc","og_description":"Ota yhteytt\u00e4 Combitransiin \u2013 pyyd\u00e4 tarjous tai lis\u00e4tietoja puuhakkeen tuotannosta, mets\u00e4talouspalveluista ja kuljetuspalveluista.","og_url":"https:\/\/combitrans.ee\/fi\/yhteystiedot\/","og_site_name":"Combitrans","article_modified_time":"2026-03-13T10:01:12+00:00","og_image":[{"width":1680,"height":730,"url":"https:\/\/combitrans.ee\/fi\/wp-content\/uploads\/2025\/09\/combitrans-background-image.jpg","type":"image\/jpeg"}],"twitter_card":"summary_large_image","twitter_misc":{"Est. reading time":"1 minute"},"schema":{"@context":"https:\/\/schema.org","@graph":[{"@type":"WebPage","@id":"https:\/\/combitrans.ee\/fi\/yhteystiedot\/","url":"https:\/\/combitrans.ee\/fi\/yhteystiedot\/","name":"Yhteystiedot | Combitrans O\u00dc","isPartOf":{"@id":"https:\/\/combitrans.ee\/fi\/#website"},"primaryImageOfPage":{"@id":"https:\/\/combitrans.ee\/fi\/yhteystiedot\/#primaryimage"},"image":{"@id":"https:\/\/combitrans.ee\/fi\/yhteystiedot\/#primaryimage"},"thumbnailUrl":"https:\/\/combitrans.ee\/fi\/wp-content\/uploads\/2025\/09\/combitrans-background-image.jpg","datePublished":"2025-01-02T07:20:20+00:00","dateModified":"2026-03-13T10:01:12+00:00","description":"Ota yhteytt\u00e4 Combitransiin \u2013 pyyd\u00e4 tarjous tai lis\u00e4tietoja puuhakkeen tuotannosta, mets\u00e4talouspalveluista ja kuljetuspalveluista.","breadcrumb":{"@id":"https:\/\/combitrans.ee\/fi\/yhteystiedot\/#breadcrumb"},"inLanguage":"en","potentialAction":[{"@type":"ReadAction","target":["https:\/\/combitrans.ee\/fi\/yhteystiedot\/"]}]},{"@type":"ImageObject","inLanguage":"en","@id":"https:\/\/combitrans.ee\/fi\/yhteystiedot\/#primaryimage","url":"https:\/\/combitrans.ee\/fi\/wp-content\/uploads\/2025\/09\/combitrans-background-image.jpg","contentUrl":"https:\/\/combitrans.ee\/fi\/wp-content\/uploads\/2025\/09\/combitrans-background-image.jpg","width":1680,"height":730},{"@type":"BreadcrumbList","@id":"https:\/\/combitrans.ee\/fi\/yhteystiedot\/#breadcrumb","itemListElement":[{"@type":"ListItem","position":1,"name":"Home","item":"https:\/\/combitrans.ee\/fi\/"},{"@type":"ListItem","position":2,"name":"Yhteystiedot"}]},{"@type":"WebSite","@id":"https:\/\/combitrans.ee\/fi\/#website","url":"https:\/\/combitrans.ee\/fi\/","name":"Combitrans - Hakkepuidu tootmine ja puistematerjalide vedu","description":"Hakkepuidu tootmine ja puistematerjalide vedu","publisher":{"@id":"https:\/\/combitrans.ee\/fi\/#organization"},"potentialAction":[{"@type":"SearchAction","target":{"@type":"EntryPoint","urlTemplate":"https:\/\/combitrans.ee\/fi\/?s={search_term_string}"},"query-input":{"@type":"PropertyValueSpecification","valueRequired":true,"valueName":"search_term_string"}}],"inLanguage":"en"},{"@type":"Organization","@id":"https:\/\/combitrans.ee\/fi\/#organization","name":"Combitrans O\u00dc","url":"https:\/\/combitrans.ee\/fi\/","logo":{"@type":"ImageObject","inLanguage":"en","@id":"https:\/\/combitrans.ee\/fi\/#\/schema\/logo\/image\/","url":"https:\/\/combitrans.ee\/fi\/wp-content\/uploads\/2025\/05\/combitrans-logo-black-2.png","contentUrl":"https:\/\/combitrans.ee\/fi\/wp-content\/uploads\/2025\/05\/combitrans-logo-black-2.png","width":480,"height":200,"caption":"Combitrans O\u00dc"},"image":{"@id":"https:\/\/combitrans.ee\/fi\/#\/schema\/logo\/image\/"}}]}},"_links":{"self":[{"href":"https:\/\/combitrans.ee\/fi\/wp-json\/wp\/v2\/pages\/1461","targetHints":{"allow":["GET"]}}],"collection":[{"href":"https:\/\/combitrans.ee\/fi\/wp-json\/wp\/v2\/pages"}],"about":[{"href":"https:\/\/combitrans.ee\/fi\/wp-json\/wp\/v2\/types\/page"}],"author":[{"embeddable":true,"href":"https:\/\/combitrans.ee\/fi\/wp-json\/wp\/v2\/users\/3"}],"replies":[{"embeddable":true,"href":"https:\/\/combitrans.ee\/fi\/wp-json\/wp\/v2\/comments?post=1461"}],"version-history":[{"count":22,"href":"https:\/\/combitrans.ee\/fi\/wp-json\/wp\/v2\/pages\/1461\/revisions"}],"predecessor-version":[{"id":5539,"href":"https:\/\/combitrans.ee\/fi\/wp-json\/wp\/v2\/pages\/1461\/revisions\/5539"}],"wp:featuredmedia":[{"embeddable":true,"href":"https:\/\/combitrans.ee\/fi\/wp-json\/wp\/v2\/media\/5077"}],"wp:attachment":[{"href":"https:\/\/combitrans.ee\/fi\/wp-json\/wp\/v2\/media?parent=1461"}],"curies":[{"name":"wp","href":"https:\/\/api.w.org\/{rel}","templated":true}]}}