{"id":4533,"date":"2025-07-08T11:40:42","date_gmt":"2025-07-08T08:40:42","guid":{"rendered":"https:\/\/combitrans.ee\/en\/?page_id=4533"},"modified":"2025-12-09T13:19:52","modified_gmt":"2025-12-09T10:19:52","slug":"sand-and-gravel-transport","status":"publish","type":"page","link":"https:\/\/combitrans.ee\/en\/sand-and-gravel-transport\/","title":{"rendered":"Sand and gravel transport"},"content":{"rendered":"<p><section id=\"bt_section69d7a0dec8893\"  class=\"boldSection bottomSmallSpaced gutter boxed inherit\" ><div class=\"port\"><div class=\"boldCell\"><div class=\"boldCellInner\"><div class=\"boldRow \" ><div class=\"boldRowInner\"><div class=\"rowItem col-md-6 col-sm-12 btTextLeft\"  data-width=\"6\"><div class=\"rowItemContent\" ><header class=\"header btClear large btDash bottomDash  thin\" ><div class=\"dash\"><h2><span class=\"headline\">Sand and gravel transport<\/span><\/h2><\/div><div class=\"btSubTitle\">Combitrans transports sand, gravel, and crushed stone from quarries and terminals directly to your site. We provide full-load transport only, ensuring a cost-effective and fast service for projects of any scale.<\/div><\/header><div class=\"btClear btSeparator bottomSmallSpaced noBorder\" ><hr><\/div><div class=\"btText\" ><\/p>\n<p data-start=\"0\" data-end=\"9\">We offer:<\/p>\n<ul data-start=\"11\" data-end=\"330\" data-is-last-node=\"\" data-is-only-node=\"\">\n<li data-start=\"11\" data-end=\"79\">\n<p data-start=\"13\" data-end=\"79\"><strong data-start=\"13\" data-end=\"31\">Sand transport<\/strong> for foundations, roadworks, and fill material<\/p>\n<\/li>\n<li data-start=\"80\" data-end=\"133\">\n<p data-start=\"82\" data-end=\"133\"><strong data-start=\"82\" data-end=\"102\">Gravel transport<\/strong> for sub-bases and earthworks<\/p>\n<\/li>\n<li data-start=\"134\" data-end=\"196\">\n<p data-start=\"136\" data-end=\"196\"><strong data-start=\"136\" data-end=\"163\">Crushed stone transport<\/strong> for road and site construction<\/p>\n<\/li>\n<li data-start=\"197\" data-end=\"254\">\n<p data-start=\"199\" data-end=\"254\"><strong data-start=\"199\" data-end=\"230\">Accurate delivery schedules<\/strong> and flexible planning<\/p>\n<\/li>\n<li data-start=\"255\" data-end=\"330\" data-is-last-node=\"\">\n<p data-start=\"257\" data-end=\"330\" data-is-last-node=\"\"><strong data-start=\"257\" data-end=\"292\">Clean and high-quality material<\/strong> delivered directly to the destination<\/p>\n<\/li>\n<\/ul>\n<p>\n<\/div><div class=\"btClear btSeparator bottomSmallSpaced noBorder\" ><hr><\/div><\/div><\/div><div class=\"rowItem col-md-6 col-sm-12 btTextLeft\"  data-width=\"6\"><div class=\"rowItemContent\" ><div class=\"bpgPhoto btDefaultHoverType\" ><div class = \"btImage\"><img decoding=\"async\" src=\"https:\/\/combitrans.ee\/en\/wp-content\/uploads\/2025\/07\/liiva-kruusa-killustiku-transport.jpg\" alt=\"Liiva, Kruusa ja Killustiku transport\" title=\"\"><\/div><\/div><div class=\"btClear btSeparator topSmallSpaced bottomSmallSpaced noBorder\" ><hr><\/div><div class=\"btText\" ><\/p>\n<p data-start=\"0\" data-end=\"163\">Our modern fleet consists of approximately 40 Volvo and Scania trucks equipped with various tipper trailers and semi-trailers designed for bulk material transport.<\/p>\n<p data-start=\"165\" data-end=\"328\" data-is-last-node=\"\" data-is-only-node=\"\">We are ready to support both smaller jobs and large-scale construction projects. If you have any questions or would like more information, feel free to contact us!<\/p>\n<p>\n<\/div><div class=\"btClear btSeparator bottomSmallSpaced noBorder\" ><hr><\/div><\/div><\/div><\/div><\/div><div class=\"boldRow \" ><div class=\"boldRowInner\"><div class=\"rowItem col-md-12 col-ms-12  btTextLeft\"  data-width=\"12\"><div class=\"rowItemContent\" ><div class=\"btClear btSeparator topSmallSpaced bottomSmallSpaced border\" ><hr><\/div><\/div><\/div><\/div><\/div><\/div><\/div><\/div><\/section><section id=\"bt_section69d7a0dec8c71\"  class=\"boldSection gutter boxed inherit\" ><div class=\"port\"><div class=\"boldCell\"><div class=\"boldCellInner\"><div class=\"boldRow \" ><div class=\"boldRowInner\"><div class=\"rowItem col-md-12 col-ms-12  btTextLeft\"  data-width=\"12\"><div class=\"rowItemContent\" ><header class=\"header btClear large btDash bottomDash  thin\" ><div class=\"dash\"><h2><span class=\"headline\"><b class=\"animate\">Contact us!<\/b><\/span><\/h2><\/div><div class=\"btSubTitle\">If you\u2019re looking for a reliable partner for transporting sand, gravel, or crushed stone, get in touch with us \u2014 we\u2019ll respond quickly and find the solution that best fits your needs.<\/div><\/header><div class=\"btClear btSeparator topSmallSpaced noBorder\" ><hr><\/div><span class=\"btIco btIcoDefaultType btIcoMediumSize btIcoDefaultColor btIconCircleShape\"><a href=\"http:\/\/+372%20523%208332\"  target=\"no_target\" data-ico-fa=\"&#xf095;\" class=\"btIcoHolder\"><span>+372 523 8332<\/span><\/a><\/span><span class=\"btIco btIcoDefaultType btIcoMediumSize btIcoDefaultColor btIconCircleShape\"><a href=\"mailto:silver.sarev@combitrans.ee\"  target=\"_self\" data-ico-fa=\"&#xf0e0;\" class=\"btIcoHolder\"><span>silver.sarev@combitrans.ee<\/span><\/a><\/span><\/div><\/div><\/div><\/div><div class=\"boldRow \" ><div class=\"boldRowInner\"><div class=\"rowItem col-md-9 col-ms-12  btTextLeft animate animate-fadein inherit btLightSkin\"  data-width=\"9\"><div class=\"rowItemContent\" style = \"background-color: rgba(255, 255, 255, 0.6); \"><div class=\"btClear btSeparator topSemiSpaced noBorder\" ><hr><\/div><div class=\"btText\" ><\/p>\n<div class=\"wpcf7 no-js\" id=\"wpcf7-f5222-o1\" lang=\"en-US\" dir=\"ltr\" data-wpcf7-id=\"5222\">\n<div class=\"screen-reader-response\">\n<p role=\"status\" aria-live=\"polite\" aria-atomic=\"true\">\n<ul><\/ul>\n<\/div>\n<form action=\"\/en\/wp-json\/wp\/v2\/pages\/4533#wpcf7-f5222-o1\" method=\"post\" class=\"wpcf7-form init\" aria-label=\"Contact form\" novalidate=\"novalidate\" data-status=\"init\">\n<fieldset class=\"hidden-fields-container\"><input type=\"hidden\" name=\"_wpcf7\" value=\"5222\" \/><input type=\"hidden\" name=\"_wpcf7_version\" value=\"6.1.2\" \/><input type=\"hidden\" name=\"_wpcf7_locale\" value=\"en_US\" \/><input type=\"hidden\" name=\"_wpcf7_unit_tag\" value=\"wpcf7-f5222-o1\" \/><input type=\"hidden\" name=\"_wpcf7_container_post\" value=\"0\" \/><input type=\"hidden\" name=\"_wpcf7_posted_data_hash\" value=\"\" \/><input type=\"hidden\" name=\"_wpcf7_recaptcha_response\" value=\"\" \/><br \/>\n<\/fieldset>\n<p><label> Type of inquiry<br \/>\n<span class=\"wpcf7-form-control-wrap\" data-name=\"teenus\"><select class=\"wpcf7-form-control wpcf7-select\" aria-invalid=\"false\" name=\"teenus\"><option value=\"- Select your reason for contact -\">&#8211; Select your reason for contact &#8211;<\/option><option value=\"Woodchip production\">Woodchip production<\/option><option value=\"Transport ja logistics\">Transport ja logistics<\/option><option value=\"Forest operations\">Forest operations<\/option><option value=\"Other \/ consultation\">Other \/ consultation<\/option><\/select><\/span> <\/label>\n<\/p>\n<p><label> Name*<br \/>\n<span class=\"wpcf7-form-control-wrap\" data-name=\"name\"><input size=\"40\" maxlength=\"400\" class=\"wpcf7-form-control wpcf7-text wpcf7-validates-as-required\" aria-required=\"true\" aria-invalid=\"false\" placeholder=\"Your name\" value=\"\" type=\"text\" name=\"name\" \/><\/span> <\/label>\n<\/p>\n<p><label> E-mail*<br \/>\n<span class=\"wpcf7-form-control-wrap\" data-name=\"email\"><input size=\"40\" maxlength=\"400\" class=\"wpcf7-form-control wpcf7-email wpcf7-validates-as-required wpcf7-text wpcf7-validates-as-email\" aria-required=\"true\" aria-invalid=\"false\" placeholder=\"E-mail\" value=\"\" type=\"email\" name=\"email\" \/><\/span> <\/label>\n<\/p>\n<p><label> Telephone*<br \/>\n<span class=\"wpcf7-form-control-wrap\" data-name=\"telefon\"><input size=\"40\" maxlength=\"400\" class=\"wpcf7-form-control wpcf7-tel wpcf7-validates-as-required wpcf7-text wpcf7-validates-as-tel\" aria-required=\"true\" aria-invalid=\"false\" placeholder=\"Telephone number\" value=\"\" type=\"tel\" name=\"telefon\" \/><\/span> <\/label>\n<\/p>\n<p><label> Land Parcel ID<br \/>\n<span class=\"wpcf7-form-control-wrap\" data-name=\"katastritunnus\"><input size=\"40\" maxlength=\"400\" class=\"wpcf7-form-control wpcf7-text\" aria-invalid=\"false\" placeholder=\"11111:111:1111\" value=\"\" type=\"text\" name=\"katastritunnus\" \/><\/span> <\/label>\n<\/p>\n<p><label> Information<br \/>\n<span class=\"wpcf7-form-control-wrap\" data-name=\"lisainfo\"><textarea cols=\"40\" rows=\"10\" maxlength=\"2000\" class=\"wpcf7-form-control wpcf7-textarea\" aria-invalid=\"false\" placeholder=\"I would like a quote for harvesting the base forest, forwarding the timber, and producing woodchips from the forest material.\" name=\"lisainfo\"><\/textarea><\/span> <\/label>\n<\/p>\n<p><input class=\"wpcf7-form-control wpcf7-submit has-spinner\" type=\"submit\" value=\"Submit inquiry\" \/>\n<\/p>\n<div class=\"wpcf7-response-output\" aria-hidden=\"true\"><\/div>\n<\/form>\n<\/div>\n<p>\n<\/div><div class=\"btClear btSeparator topSmallSpaced bottomSmallSpaced noBorder\" ><hr><\/div><\/div><\/div><div class=\"rowItem col-md-3 col-sm-6 col-ms-12 btTextLeft\"  data-width=\"3\"><div class=\"rowItemContent\" ><\/div><\/div><\/div><\/div><\/div><\/div><\/div><\/section><\/p>\n","protected":false},"excerpt":{"rendered":"<p>We offer professional bulk material transport services from quarries and terminals to construction sites across Estonia. We operate with full loads to ensure smooth workflow and timely delivery of materials. Our experienced team and extensive, modern fleet enable us to transport sand, gravel, and crushed stone according to the specific needs of your project.<\/p>\n","protected":false},"author":1,"featured_media":5077,"parent":0,"menu_order":0,"comment_status":"closed","ping_status":"closed","template":"","meta":{"footnotes":""},"class_list":["post-4533","page","type-page","status-publish","has-post-thumbnail","hentry"],"yoast_head":"<!-- This site is optimized with the Yoast SEO plugin v26.1.1 - https:\/\/yoast.com\/wordpress\/plugins\/seo\/ -->\n<title>Sand and gravel transport | Combitrans<\/title>\n<meta name=\"description\" content=\"Transpordime liiva, kruusa ja killustikku karj\u00e4\u00e4ridest ja terminalidest otse ehitusobjektidele \u2013 kiire ja usaldusv\u00e4\u00e4rne t\u00e4iskoormate vedu.\" \/>\n<meta name=\"robots\" content=\"index, follow, max-snippet:-1, max-image-preview:large, max-video-preview:-1\" \/>\n<link rel=\"canonical\" href=\"https:\/\/combitrans.ee\/en\/sand-and-gravel-transport\/\" \/>\n<meta property=\"og:locale\" content=\"en_US\" \/>\n<meta property=\"og:type\" content=\"article\" \/>\n<meta property=\"og:title\" content=\"Sand and gravel transport | Combitrans\" \/>\n<meta property=\"og:description\" content=\"Transpordime liiva, kruusa ja killustikku karj\u00e4\u00e4ridest ja terminalidest otse ehitusobjektidele \u2013 kiire ja usaldusv\u00e4\u00e4rne t\u00e4iskoormate vedu.\" \/>\n<meta property=\"og:url\" content=\"https:\/\/combitrans.ee\/en\/sand-and-gravel-transport\/\" \/>\n<meta property=\"og:site_name\" content=\"Combitrans\" \/>\n<meta property=\"article:modified_time\" content=\"2025-12-09T10:19:52+00:00\" \/>\n<meta property=\"og:image\" content=\"https:\/\/combitrans.ee\/en\/wp-content\/uploads\/2025\/09\/combitrans-background-image.jpg\" \/>\n\t<meta property=\"og:image:width\" content=\"1680\" \/>\n\t<meta property=\"og:image:height\" content=\"730\" \/>\n\t<meta property=\"og:image:type\" content=\"image\/jpeg\" \/>\n<meta name=\"twitter:card\" content=\"summary_large_image\" \/>\n<meta name=\"twitter:label1\" content=\"Est. reading time\" \/>\n\t<meta name=\"twitter:data1\" content=\"2 minutes\" \/>\n<script type=\"application\/ld+json\" class=\"yoast-schema-graph\">{\"@context\":\"https:\/\/schema.org\",\"@graph\":[{\"@type\":\"WebPage\",\"@id\":\"https:\/\/combitrans.ee\/en\/sand-and-gravel-transport\/\",\"url\":\"https:\/\/combitrans.ee\/en\/sand-and-gravel-transport\/\",\"name\":\"Sand and gravel transport | Combitrans\",\"isPartOf\":{\"@id\":\"https:\/\/combitrans.ee\/en\/#website\"},\"primaryImageOfPage\":{\"@id\":\"https:\/\/combitrans.ee\/en\/sand-and-gravel-transport\/#primaryimage\"},\"image\":{\"@id\":\"https:\/\/combitrans.ee\/en\/sand-and-gravel-transport\/#primaryimage\"},\"thumbnailUrl\":\"https:\/\/combitrans.ee\/en\/wp-content\/uploads\/2025\/09\/combitrans-background-image.jpg\",\"datePublished\":\"2025-07-08T08:40:42+00:00\",\"dateModified\":\"2025-12-09T10:19:52+00:00\",\"description\":\"Transpordime liiva, kruusa ja killustikku karj\u00e4\u00e4ridest ja terminalidest otse ehitusobjektidele \u2013 kiire ja usaldusv\u00e4\u00e4rne t\u00e4iskoormate vedu.\",\"breadcrumb\":{\"@id\":\"https:\/\/combitrans.ee\/en\/sand-and-gravel-transport\/#breadcrumb\"},\"inLanguage\":\"en\",\"potentialAction\":[{\"@type\":\"ReadAction\",\"target\":[\"https:\/\/combitrans.ee\/en\/sand-and-gravel-transport\/\"]}]},{\"@type\":\"ImageObject\",\"inLanguage\":\"en\",\"@id\":\"https:\/\/combitrans.ee\/en\/sand-and-gravel-transport\/#primaryimage\",\"url\":\"https:\/\/combitrans.ee\/en\/wp-content\/uploads\/2025\/09\/combitrans-background-image.jpg\",\"contentUrl\":\"https:\/\/combitrans.ee\/en\/wp-content\/uploads\/2025\/09\/combitrans-background-image.jpg\",\"width\":1680,\"height\":730},{\"@type\":\"BreadcrumbList\",\"@id\":\"https:\/\/combitrans.ee\/en\/sand-and-gravel-transport\/#breadcrumb\",\"itemListElement\":[{\"@type\":\"ListItem\",\"position\":1,\"name\":\"Home\",\"item\":\"https:\/\/combitrans.ee\/en\/\"},{\"@type\":\"ListItem\",\"position\":2,\"name\":\"Sand and gravel transport\"}]},{\"@type\":\"WebSite\",\"@id\":\"https:\/\/combitrans.ee\/en\/#website\",\"url\":\"https:\/\/combitrans.ee\/en\/\",\"name\":\"Combitrans - Hakkepuidu tootmine ja puistematerjalide vedu\",\"description\":\"Hakkepuidu tootmine ja puistematerjalide vedu\",\"publisher\":{\"@id\":\"https:\/\/combitrans.ee\/en\/#organization\"},\"potentialAction\":[{\"@type\":\"SearchAction\",\"target\":{\"@type\":\"EntryPoint\",\"urlTemplate\":\"https:\/\/combitrans.ee\/en\/?s={search_term_string}\"},\"query-input\":{\"@type\":\"PropertyValueSpecification\",\"valueRequired\":true,\"valueName\":\"search_term_string\"}}],\"inLanguage\":\"en\"},{\"@type\":\"Organization\",\"@id\":\"https:\/\/combitrans.ee\/en\/#organization\",\"name\":\"Combitrans O\u00dc\",\"url\":\"https:\/\/combitrans.ee\/en\/\",\"logo\":{\"@type\":\"ImageObject\",\"inLanguage\":\"en\",\"@id\":\"https:\/\/combitrans.ee\/en\/#\/schema\/logo\/image\/\",\"url\":\"https:\/\/combitrans.ee\/en\/wp-content\/uploads\/2025\/05\/combitrans-logo-black-2.png\",\"contentUrl\":\"https:\/\/combitrans.ee\/en\/wp-content\/uploads\/2025\/05\/combitrans-logo-black-2.png\",\"width\":480,\"height\":200,\"caption\":\"Combitrans O\u00dc\"},\"image\":{\"@id\":\"https:\/\/combitrans.ee\/en\/#\/schema\/logo\/image\/\"}}]}<\/script>\n<!-- \/ Yoast SEO plugin. -->","yoast_head_json":{"title":"Sand and gravel transport | Combitrans","description":"Transpordime liiva, kruusa ja killustikku karj\u00e4\u00e4ridest ja terminalidest otse ehitusobjektidele \u2013 kiire ja usaldusv\u00e4\u00e4rne t\u00e4iskoormate vedu.","robots":{"index":"index","follow":"follow","max-snippet":"max-snippet:-1","max-image-preview":"max-image-preview:large","max-video-preview":"max-video-preview:-1"},"canonical":"https:\/\/combitrans.ee\/en\/sand-and-gravel-transport\/","og_locale":"en_US","og_type":"article","og_title":"Sand and gravel transport | Combitrans","og_description":"Transpordime liiva, kruusa ja killustikku karj\u00e4\u00e4ridest ja terminalidest otse ehitusobjektidele \u2013 kiire ja usaldusv\u00e4\u00e4rne t\u00e4iskoormate vedu.","og_url":"https:\/\/combitrans.ee\/en\/sand-and-gravel-transport\/","og_site_name":"Combitrans","article_modified_time":"2025-12-09T10:19:52+00:00","og_image":[{"width":1680,"height":730,"url":"https:\/\/combitrans.ee\/en\/wp-content\/uploads\/2025\/09\/combitrans-background-image.jpg","type":"image\/jpeg"}],"twitter_card":"summary_large_image","twitter_misc":{"Est. reading time":"2 minutes"},"schema":{"@context":"https:\/\/schema.org","@graph":[{"@type":"WebPage","@id":"https:\/\/combitrans.ee\/en\/sand-and-gravel-transport\/","url":"https:\/\/combitrans.ee\/en\/sand-and-gravel-transport\/","name":"Sand and gravel transport | Combitrans","isPartOf":{"@id":"https:\/\/combitrans.ee\/en\/#website"},"primaryImageOfPage":{"@id":"https:\/\/combitrans.ee\/en\/sand-and-gravel-transport\/#primaryimage"},"image":{"@id":"https:\/\/combitrans.ee\/en\/sand-and-gravel-transport\/#primaryimage"},"thumbnailUrl":"https:\/\/combitrans.ee\/en\/wp-content\/uploads\/2025\/09\/combitrans-background-image.jpg","datePublished":"2025-07-08T08:40:42+00:00","dateModified":"2025-12-09T10:19:52+00:00","description":"Transpordime liiva, kruusa ja killustikku karj\u00e4\u00e4ridest ja terminalidest otse ehitusobjektidele \u2013 kiire ja usaldusv\u00e4\u00e4rne t\u00e4iskoormate vedu.","breadcrumb":{"@id":"https:\/\/combitrans.ee\/en\/sand-and-gravel-transport\/#breadcrumb"},"inLanguage":"en","potentialAction":[{"@type":"ReadAction","target":["https:\/\/combitrans.ee\/en\/sand-and-gravel-transport\/"]}]},{"@type":"ImageObject","inLanguage":"en","@id":"https:\/\/combitrans.ee\/en\/sand-and-gravel-transport\/#primaryimage","url":"https:\/\/combitrans.ee\/en\/wp-content\/uploads\/2025\/09\/combitrans-background-image.jpg","contentUrl":"https:\/\/combitrans.ee\/en\/wp-content\/uploads\/2025\/09\/combitrans-background-image.jpg","width":1680,"height":730},{"@type":"BreadcrumbList","@id":"https:\/\/combitrans.ee\/en\/sand-and-gravel-transport\/#breadcrumb","itemListElement":[{"@type":"ListItem","position":1,"name":"Home","item":"https:\/\/combitrans.ee\/en\/"},{"@type":"ListItem","position":2,"name":"Sand and gravel transport"}]},{"@type":"WebSite","@id":"https:\/\/combitrans.ee\/en\/#website","url":"https:\/\/combitrans.ee\/en\/","name":"Combitrans - Hakkepuidu tootmine ja puistematerjalide vedu","description":"Hakkepuidu tootmine ja puistematerjalide vedu","publisher":{"@id":"https:\/\/combitrans.ee\/en\/#organization"},"potentialAction":[{"@type":"SearchAction","target":{"@type":"EntryPoint","urlTemplate":"https:\/\/combitrans.ee\/en\/?s={search_term_string}"},"query-input":{"@type":"PropertyValueSpecification","valueRequired":true,"valueName":"search_term_string"}}],"inLanguage":"en"},{"@type":"Organization","@id":"https:\/\/combitrans.ee\/en\/#organization","name":"Combitrans O\u00dc","url":"https:\/\/combitrans.ee\/en\/","logo":{"@type":"ImageObject","inLanguage":"en","@id":"https:\/\/combitrans.ee\/en\/#\/schema\/logo\/image\/","url":"https:\/\/combitrans.ee\/en\/wp-content\/uploads\/2025\/05\/combitrans-logo-black-2.png","contentUrl":"https:\/\/combitrans.ee\/en\/wp-content\/uploads\/2025\/05\/combitrans-logo-black-2.png","width":480,"height":200,"caption":"Combitrans O\u00dc"},"image":{"@id":"https:\/\/combitrans.ee\/en\/#\/schema\/logo\/image\/"}}]}},"_links":{"self":[{"href":"https:\/\/combitrans.ee\/en\/wp-json\/wp\/v2\/pages\/4533","targetHints":{"allow":["GET"]}}],"collection":[{"href":"https:\/\/combitrans.ee\/en\/wp-json\/wp\/v2\/pages"}],"about":[{"href":"https:\/\/combitrans.ee\/en\/wp-json\/wp\/v2\/types\/page"}],"author":[{"embeddable":true,"href":"https:\/\/combitrans.ee\/en\/wp-json\/wp\/v2\/users\/1"}],"replies":[{"embeddable":true,"href":"https:\/\/combitrans.ee\/en\/wp-json\/wp\/v2\/comments?post=4533"}],"version-history":[{"count":12,"href":"https:\/\/combitrans.ee\/en\/wp-json\/wp\/v2\/pages\/4533\/revisions"}],"predecessor-version":[{"id":5424,"href":"https:\/\/combitrans.ee\/en\/wp-json\/wp\/v2\/pages\/4533\/revisions\/5424"}],"wp:featuredmedia":[{"embeddable":true,"href":"https:\/\/combitrans.ee\/en\/wp-json\/wp\/v2\/media\/5077"}],"wp:attachment":[{"href":"https:\/\/combitrans.ee\/en\/wp-json\/wp\/v2\/media?parent=4533"}],"curies":[{"name":"wp","href":"https:\/\/api.w.org\/{rel}","templated":true}]}}