{"id":4516,"date":"2025-07-02T09:25:24","date_gmt":"2025-07-02T06:25:24","guid":{"rendered":"https:\/\/combitrans.ee\/en\/?page_id=4516"},"modified":"2025-12-11T12:48:39","modified_gmt":"2025-12-11T09:48:39","slug":"grain-transport","status":"publish","type":"page","link":"https:\/\/combitrans.ee\/en\/grain-transport\/","title":{"rendered":"Grain transport"},"content":{"rendered":"<p><section id=\"bt_section69d79f4b00893\"  class=\"boldSection bottomSmallSpaced gutter boxed inherit\" ><div class=\"port\"><div class=\"boldCell\"><div class=\"boldCellInner\"><div class=\"boldRow \" ><div class=\"boldRowInner\"><div class=\"rowItem col-md-6 col-sm-12 btTextLeft\"  data-width=\"6\"><div class=\"rowItemContent\" ><header class=\"header btClear large btDash bottomDash  thin\" ><div class=\"dash\"><h2><span class=\"headline\">Grain transport<\/span><\/h2><\/div><div class=\"btSubTitle\">Combitrans has extensive experience in transporting grain across various stages \u2014 from moving crops from the field to drying facilities, to serving production sites and port terminals. We are ready to be a reliable partner for large agricultural enterprises as well as grain brokers and exporters.<\/div><\/header><div class=\"btClear btSeparator bottomSmallSpaced noBorder\" ><hr><\/div><div class=\"btText\" ><\/p>\n<p data-start=\"0\" data-end=\"108\">Our workflows are designed to ensure flexible and fast transport planning, even during peak harvest periods.<\/p>\n<p data-start=\"110\" data-end=\"147\"><strong data-start=\"110\" data-end=\"147\">What we offer in grain transport:<\/strong><\/p>\n<ul data-start=\"149\" data-end=\"494\" data-is-last-node=\"\" data-is-only-node=\"\">\n<li data-start=\"149\" data-end=\"234\">\n<p data-start=\"151\" data-end=\"234\">Transporting grain directly from the field to drying facilities and storage areas<\/p>\n<\/li>\n<li data-start=\"235\" data-end=\"294\">\n<p data-start=\"237\" data-end=\"294\">Organizing deliveries to production terminals and ports<\/p>\n<\/li>\n<li data-start=\"295\" data-end=\"378\">\n<p data-start=\"297\" data-end=\"378\">Full-load transport only \u2013 we do not provide partial loads or collection routes<\/p>\n<\/li>\n<li data-start=\"379\" data-end=\"442\">\n<p data-start=\"381\" data-end=\"442\">Clear documentation and full transparency of grain movement<\/p>\n<\/li>\n<li data-start=\"443\" data-end=\"494\" data-is-last-node=\"\">\n<p data-start=\"445\" data-end=\"494\" data-is-last-node=\"\">Flexible response to seasonal increases in demand<\/p>\n<\/li>\n<\/ul>\n<p>\n<\/div><div class=\"btClear btSeparator bottomSmallSpaced noBorder\" ><hr><\/div><\/div><\/div><div class=\"rowItem col-md-6 col-sm-12 btTextLeft\"  data-width=\"6\"><div class=\"rowItemContent\" ><div class=\"bpgPhoto btDefaultHoverType\" ><div class = \"btImage\"><img decoding=\"async\" src=\"https:\/\/combitrans.ee\/en\/wp-content\/uploads\/2025\/07\/vilja-transport.jpg\" alt=\"Vilja transport ja logistika\" title=\"\"><\/div><\/div><div class=\"btClear btSeparator topSmallSpaced bottomSmallSpaced noBorder\" ><hr><\/div><div class=\"btText\" ><\/p>\n<p data-start=\"0\" data-end=\"174\">Combitrans operates a modern fleet of trucks (around 40 Scania and Volvo units) equipped with various specialized trailers designed for the safe and clean transport of grain.<\/p>\n<p data-start=\"176\" data-end=\"370\" data-is-last-node=\"\" data-is-only-node=\"\">Regardless of the quantity or destination, we ensure that your grain arrives on time and without complications. If you have any questions or would like more information, feel free to contact us!<\/p>\n<p>\n<\/div><div class=\"btClear btSeparator bottomSmallSpaced noBorder\" ><hr><\/div><\/div><\/div><\/div><\/div><div class=\"boldRow \" ><div class=\"boldRowInner\"><div class=\"rowItem col-md-12 col-ms-12  btTextLeft\"  data-width=\"12\"><div class=\"rowItemContent\" ><div class=\"btClear btSeparator topSmallSpaced bottomSmallSpaced border\" ><hr><\/div><\/div><\/div><\/div><\/div><\/div><\/div><\/div><\/section><section id=\"kontaktvorm\"  class=\"boldSection gutter boxed inherit\" ><div class=\"port\"><div class=\"boldCell\"><div class=\"boldCellInner\"><div class=\"boldRow \" ><div class=\"boldRowInner\"><div class=\"rowItem col-md-12 col-ms-12  btTextLeft\"  data-width=\"12\"><div class=\"rowItemContent\" ><div class=\"btClear btSeparator topSemiSpaced noBorder\" ><hr><\/div><header class=\"header btClear large btDash bottomDash  thin\" ><div class=\"dash\"><h2><span class=\"headline\"><b class=\"animate\">Contact us!<\/b><\/span><\/h2><\/div><div class=\"btSubTitle\">Contact us by phone or email, or fill out the contact form below to send us your question or request for a quote. The initial consultation is completely free and does not obligate you to anything.<\/div><\/header><div class=\"btClear btSeparator topSmallSpaced noBorder\" ><hr><\/div><span class=\"btIco btIcoDefaultType btIcoMediumSize btIcoDefaultColor btIconCircleShape\"><a href=\"tel:\/\/+372%20523%208332\"  target=\"no_target\" data-ico-fa=\"&#xf095;\" class=\"btIcoHolder\"><span>+372 523 8332<\/span><\/a><\/span><span class=\"btIco btIcoDefaultType btIcoMediumSize btIcoDefaultColor btIconCircleShape\"><a href=\"mailto:info@combitrans.ee\"  target=\"_self\" data-ico-fa=\"&#xf0e0;\" class=\"btIcoHolder\"><span>info@combitrans.ee<\/span><\/a><\/span><\/div><\/div><\/div><\/div><div class=\"boldRow \" ><div class=\"boldRowInner\"><div class=\"rowItem col-md-9 col-ms-12  btTextLeft animate animate-fadein inherit btLightSkin\"  data-width=\"9\"><div class=\"rowItemContent\" style = \"background-color: rgba(255, 255, 255, 0.6); \"><div class=\"btClear btSeparator topSemiSpaced noBorder\" ><hr><\/div><div class=\"btText\" ><\/p>\n<div class=\"wpcf7 no-js\" id=\"wpcf7-f5222-o1\" lang=\"en-US\" dir=\"ltr\" data-wpcf7-id=\"5222\">\n<div class=\"screen-reader-response\">\n<p role=\"status\" aria-live=\"polite\" aria-atomic=\"true\">\n<ul><\/ul>\n<\/div>\n<form action=\"\/en\/wp-json\/wp\/v2\/pages\/4516#wpcf7-f5222-o1\" method=\"post\" class=\"wpcf7-form init\" aria-label=\"Contact form\" novalidate=\"novalidate\" data-status=\"init\">\n<fieldset class=\"hidden-fields-container\"><input type=\"hidden\" name=\"_wpcf7\" value=\"5222\" \/><input type=\"hidden\" name=\"_wpcf7_version\" value=\"6.1.2\" \/><input type=\"hidden\" name=\"_wpcf7_locale\" value=\"en_US\" \/><input type=\"hidden\" name=\"_wpcf7_unit_tag\" value=\"wpcf7-f5222-o1\" \/><input type=\"hidden\" name=\"_wpcf7_container_post\" value=\"0\" \/><input type=\"hidden\" name=\"_wpcf7_posted_data_hash\" value=\"\" \/><input type=\"hidden\" name=\"_wpcf7_recaptcha_response\" value=\"\" \/><br \/>\n<\/fieldset>\n<p><label> Type of inquiry<br \/>\n<span class=\"wpcf7-form-control-wrap\" data-name=\"teenus\"><select class=\"wpcf7-form-control wpcf7-select\" aria-invalid=\"false\" name=\"teenus\"><option value=\"- Select your reason for contact -\">&#8211; Select your reason for contact &#8211;<\/option><option value=\"Woodchip production\">Woodchip production<\/option><option value=\"Transport ja logistics\">Transport ja logistics<\/option><option value=\"Forest operations\">Forest operations<\/option><option value=\"Other \/ consultation\">Other \/ consultation<\/option><\/select><\/span> <\/label>\n<\/p>\n<p><label> Name*<br \/>\n<span class=\"wpcf7-form-control-wrap\" data-name=\"name\"><input size=\"40\" maxlength=\"400\" class=\"wpcf7-form-control wpcf7-text wpcf7-validates-as-required\" aria-required=\"true\" aria-invalid=\"false\" placeholder=\"Your name\" value=\"\" type=\"text\" name=\"name\" \/><\/span> <\/label>\n<\/p>\n<p><label> E-mail*<br \/>\n<span class=\"wpcf7-form-control-wrap\" data-name=\"email\"><input size=\"40\" maxlength=\"400\" class=\"wpcf7-form-control wpcf7-email wpcf7-validates-as-required wpcf7-text wpcf7-validates-as-email\" aria-required=\"true\" aria-invalid=\"false\" placeholder=\"E-mail\" value=\"\" type=\"email\" name=\"email\" \/><\/span> <\/label>\n<\/p>\n<p><label> Telephone*<br \/>\n<span class=\"wpcf7-form-control-wrap\" data-name=\"telefon\"><input size=\"40\" maxlength=\"400\" class=\"wpcf7-form-control wpcf7-tel wpcf7-validates-as-required wpcf7-text wpcf7-validates-as-tel\" aria-required=\"true\" aria-invalid=\"false\" placeholder=\"Telephone number\" value=\"\" type=\"tel\" name=\"telefon\" \/><\/span> <\/label>\n<\/p>\n<p><label> Land Parcel ID<br \/>\n<span class=\"wpcf7-form-control-wrap\" data-name=\"katastritunnus\"><input size=\"40\" maxlength=\"400\" class=\"wpcf7-form-control wpcf7-text\" aria-invalid=\"false\" placeholder=\"11111:111:1111\" value=\"\" type=\"text\" name=\"katastritunnus\" \/><\/span> <\/label>\n<\/p>\n<p><label> Information<br \/>\n<span class=\"wpcf7-form-control-wrap\" data-name=\"lisainfo\"><textarea cols=\"40\" rows=\"10\" maxlength=\"2000\" class=\"wpcf7-form-control wpcf7-textarea\" aria-invalid=\"false\" placeholder=\"I would like a quote for harvesting the base forest, forwarding the timber, and producing woodchips from the forest material.\" name=\"lisainfo\"><\/textarea><\/span> <\/label>\n<\/p>\n<p><input class=\"wpcf7-form-control wpcf7-submit has-spinner\" type=\"submit\" value=\"Submit inquiry\" \/>\n<\/p>\n<div class=\"wpcf7-response-output\" aria-hidden=\"true\"><\/div>\n<\/form>\n<\/div>\n<p>\n<\/div><div class=\"btClear btSeparator topSmallSpaced bottomSmallSpaced noBorder\" ><hr><\/div><\/div><\/div><div class=\"rowItem col-md-3 col-sm-6 col-ms-12 btTextLeft\"  data-width=\"3\"><div class=\"rowItemContent\" ><\/div><\/div><\/div><\/div><\/div><\/div><\/div><\/section><\/p>\n","protected":false},"excerpt":{"rendered":"<p>We offer professional grain transport services from the field to dryers and later to production and port terminals across Estonia. We perform full-load transports, ensuring the fast and safe movement of your harvest at every stage of the supply chain. Our experienced team and large, modern fleet ensure that your grain reaches its destination on time and in optimal condition.<\/p>\n","protected":false},"author":1,"featured_media":5077,"parent":0,"menu_order":0,"comment_status":"closed","ping_status":"closed","template":"","meta":{"footnotes":""},"class_list":["post-4516","page","type-page","status-publish","has-post-thumbnail","hentry"],"yoast_head":"<!-- This site is optimized with the Yoast SEO plugin v26.1.1 - https:\/\/yoast.com\/wordpress\/plugins\/seo\/ -->\n<title>Grain transport | Combitrans<\/title>\n<meta name=\"description\" content=\"Professionaalne vilja transport Combitransilt \u2013 usaldusv\u00e4\u00e4rne ja kuluefektiivne vedu t\u00e4iskoormatega kogu Eestis.\" \/>\n<meta name=\"robots\" content=\"index, follow, max-snippet:-1, max-image-preview:large, max-video-preview:-1\" \/>\n<link rel=\"canonical\" href=\"https:\/\/combitrans.ee\/en\/grain-transport\/\" \/>\n<meta property=\"og:locale\" content=\"en_US\" \/>\n<meta property=\"og:type\" content=\"article\" \/>\n<meta property=\"og:title\" content=\"Grain transport | Combitrans\" \/>\n<meta property=\"og:description\" content=\"Professionaalne vilja transport Combitransilt \u2013 usaldusv\u00e4\u00e4rne ja kuluefektiivne vedu t\u00e4iskoormatega kogu Eestis.\" \/>\n<meta property=\"og:url\" content=\"https:\/\/combitrans.ee\/en\/grain-transport\/\" \/>\n<meta property=\"og:site_name\" content=\"Combitrans\" \/>\n<meta property=\"article:modified_time\" content=\"2025-12-11T09:48:39+00:00\" \/>\n<meta property=\"og:image\" content=\"https:\/\/combitrans.ee\/en\/wp-content\/uploads\/2025\/09\/combitrans-background-image.jpg\" \/>\n\t<meta property=\"og:image:width\" content=\"1680\" \/>\n\t<meta property=\"og:image:height\" content=\"730\" \/>\n\t<meta property=\"og:image:type\" content=\"image\/jpeg\" \/>\n<meta name=\"twitter:card\" content=\"summary_large_image\" \/>\n<meta name=\"twitter:label1\" content=\"Est. reading time\" \/>\n\t<meta name=\"twitter:data1\" content=\"2 minutes\" \/>\n<script type=\"application\/ld+json\" class=\"yoast-schema-graph\">{\"@context\":\"https:\/\/schema.org\",\"@graph\":[{\"@type\":\"WebPage\",\"@id\":\"https:\/\/combitrans.ee\/en\/grain-transport\/\",\"url\":\"https:\/\/combitrans.ee\/en\/grain-transport\/\",\"name\":\"Grain transport | Combitrans\",\"isPartOf\":{\"@id\":\"https:\/\/combitrans.ee\/en\/#website\"},\"primaryImageOfPage\":{\"@id\":\"https:\/\/combitrans.ee\/en\/grain-transport\/#primaryimage\"},\"image\":{\"@id\":\"https:\/\/combitrans.ee\/en\/grain-transport\/#primaryimage\"},\"thumbnailUrl\":\"https:\/\/combitrans.ee\/en\/wp-content\/uploads\/2025\/09\/combitrans-background-image.jpg\",\"datePublished\":\"2025-07-02T06:25:24+00:00\",\"dateModified\":\"2025-12-11T09:48:39+00:00\",\"description\":\"Professionaalne vilja transport Combitransilt \u2013 usaldusv\u00e4\u00e4rne ja kuluefektiivne vedu t\u00e4iskoormatega kogu Eestis.\",\"breadcrumb\":{\"@id\":\"https:\/\/combitrans.ee\/en\/grain-transport\/#breadcrumb\"},\"inLanguage\":\"en\",\"potentialAction\":[{\"@type\":\"ReadAction\",\"target\":[\"https:\/\/combitrans.ee\/en\/grain-transport\/\"]}]},{\"@type\":\"ImageObject\",\"inLanguage\":\"en\",\"@id\":\"https:\/\/combitrans.ee\/en\/grain-transport\/#primaryimage\",\"url\":\"https:\/\/combitrans.ee\/en\/wp-content\/uploads\/2025\/09\/combitrans-background-image.jpg\",\"contentUrl\":\"https:\/\/combitrans.ee\/en\/wp-content\/uploads\/2025\/09\/combitrans-background-image.jpg\",\"width\":1680,\"height\":730},{\"@type\":\"BreadcrumbList\",\"@id\":\"https:\/\/combitrans.ee\/en\/grain-transport\/#breadcrumb\",\"itemListElement\":[{\"@type\":\"ListItem\",\"position\":1,\"name\":\"Home\",\"item\":\"https:\/\/combitrans.ee\/en\/\"},{\"@type\":\"ListItem\",\"position\":2,\"name\":\"Grain transport\"}]},{\"@type\":\"WebSite\",\"@id\":\"https:\/\/combitrans.ee\/en\/#website\",\"url\":\"https:\/\/combitrans.ee\/en\/\",\"name\":\"Combitrans - Hakkepuidu tootmine ja puistematerjalide vedu\",\"description\":\"Hakkepuidu tootmine ja puistematerjalide vedu\",\"publisher\":{\"@id\":\"https:\/\/combitrans.ee\/en\/#organization\"},\"potentialAction\":[{\"@type\":\"SearchAction\",\"target\":{\"@type\":\"EntryPoint\",\"urlTemplate\":\"https:\/\/combitrans.ee\/en\/?s={search_term_string}\"},\"query-input\":{\"@type\":\"PropertyValueSpecification\",\"valueRequired\":true,\"valueName\":\"search_term_string\"}}],\"inLanguage\":\"en\"},{\"@type\":\"Organization\",\"@id\":\"https:\/\/combitrans.ee\/en\/#organization\",\"name\":\"Combitrans O\u00dc\",\"url\":\"https:\/\/combitrans.ee\/en\/\",\"logo\":{\"@type\":\"ImageObject\",\"inLanguage\":\"en\",\"@id\":\"https:\/\/combitrans.ee\/en\/#\/schema\/logo\/image\/\",\"url\":\"https:\/\/combitrans.ee\/en\/wp-content\/uploads\/2025\/05\/combitrans-logo-black-2.png\",\"contentUrl\":\"https:\/\/combitrans.ee\/en\/wp-content\/uploads\/2025\/05\/combitrans-logo-black-2.png\",\"width\":480,\"height\":200,\"caption\":\"Combitrans O\u00dc\"},\"image\":{\"@id\":\"https:\/\/combitrans.ee\/en\/#\/schema\/logo\/image\/\"}}]}<\/script>\n<!-- \/ Yoast SEO plugin. -->","yoast_head_json":{"title":"Grain transport | Combitrans","description":"Professionaalne vilja transport Combitransilt \u2013 usaldusv\u00e4\u00e4rne ja kuluefektiivne vedu t\u00e4iskoormatega kogu Eestis.","robots":{"index":"index","follow":"follow","max-snippet":"max-snippet:-1","max-image-preview":"max-image-preview:large","max-video-preview":"max-video-preview:-1"},"canonical":"https:\/\/combitrans.ee\/en\/grain-transport\/","og_locale":"en_US","og_type":"article","og_title":"Grain transport | Combitrans","og_description":"Professionaalne vilja transport Combitransilt \u2013 usaldusv\u00e4\u00e4rne ja kuluefektiivne vedu t\u00e4iskoormatega kogu Eestis.","og_url":"https:\/\/combitrans.ee\/en\/grain-transport\/","og_site_name":"Combitrans","article_modified_time":"2025-12-11T09:48:39+00:00","og_image":[{"width":1680,"height":730,"url":"https:\/\/combitrans.ee\/en\/wp-content\/uploads\/2025\/09\/combitrans-background-image.jpg","type":"image\/jpeg"}],"twitter_card":"summary_large_image","twitter_misc":{"Est. reading time":"2 minutes"},"schema":{"@context":"https:\/\/schema.org","@graph":[{"@type":"WebPage","@id":"https:\/\/combitrans.ee\/en\/grain-transport\/","url":"https:\/\/combitrans.ee\/en\/grain-transport\/","name":"Grain transport | Combitrans","isPartOf":{"@id":"https:\/\/combitrans.ee\/en\/#website"},"primaryImageOfPage":{"@id":"https:\/\/combitrans.ee\/en\/grain-transport\/#primaryimage"},"image":{"@id":"https:\/\/combitrans.ee\/en\/grain-transport\/#primaryimage"},"thumbnailUrl":"https:\/\/combitrans.ee\/en\/wp-content\/uploads\/2025\/09\/combitrans-background-image.jpg","datePublished":"2025-07-02T06:25:24+00:00","dateModified":"2025-12-11T09:48:39+00:00","description":"Professionaalne vilja transport Combitransilt \u2013 usaldusv\u00e4\u00e4rne ja kuluefektiivne vedu t\u00e4iskoormatega kogu Eestis.","breadcrumb":{"@id":"https:\/\/combitrans.ee\/en\/grain-transport\/#breadcrumb"},"inLanguage":"en","potentialAction":[{"@type":"ReadAction","target":["https:\/\/combitrans.ee\/en\/grain-transport\/"]}]},{"@type":"ImageObject","inLanguage":"en","@id":"https:\/\/combitrans.ee\/en\/grain-transport\/#primaryimage","url":"https:\/\/combitrans.ee\/en\/wp-content\/uploads\/2025\/09\/combitrans-background-image.jpg","contentUrl":"https:\/\/combitrans.ee\/en\/wp-content\/uploads\/2025\/09\/combitrans-background-image.jpg","width":1680,"height":730},{"@type":"BreadcrumbList","@id":"https:\/\/combitrans.ee\/en\/grain-transport\/#breadcrumb","itemListElement":[{"@type":"ListItem","position":1,"name":"Home","item":"https:\/\/combitrans.ee\/en\/"},{"@type":"ListItem","position":2,"name":"Grain transport"}]},{"@type":"WebSite","@id":"https:\/\/combitrans.ee\/en\/#website","url":"https:\/\/combitrans.ee\/en\/","name":"Combitrans - Hakkepuidu tootmine ja puistematerjalide vedu","description":"Hakkepuidu tootmine ja puistematerjalide vedu","publisher":{"@id":"https:\/\/combitrans.ee\/en\/#organization"},"potentialAction":[{"@type":"SearchAction","target":{"@type":"EntryPoint","urlTemplate":"https:\/\/combitrans.ee\/en\/?s={search_term_string}"},"query-input":{"@type":"PropertyValueSpecification","valueRequired":true,"valueName":"search_term_string"}}],"inLanguage":"en"},{"@type":"Organization","@id":"https:\/\/combitrans.ee\/en\/#organization","name":"Combitrans O\u00dc","url":"https:\/\/combitrans.ee\/en\/","logo":{"@type":"ImageObject","inLanguage":"en","@id":"https:\/\/combitrans.ee\/en\/#\/schema\/logo\/image\/","url":"https:\/\/combitrans.ee\/en\/wp-content\/uploads\/2025\/05\/combitrans-logo-black-2.png","contentUrl":"https:\/\/combitrans.ee\/en\/wp-content\/uploads\/2025\/05\/combitrans-logo-black-2.png","width":480,"height":200,"caption":"Combitrans O\u00dc"},"image":{"@id":"https:\/\/combitrans.ee\/en\/#\/schema\/logo\/image\/"}}]}},"_links":{"self":[{"href":"https:\/\/combitrans.ee\/en\/wp-json\/wp\/v2\/pages\/4516","targetHints":{"allow":["GET"]}}],"collection":[{"href":"https:\/\/combitrans.ee\/en\/wp-json\/wp\/v2\/pages"}],"about":[{"href":"https:\/\/combitrans.ee\/en\/wp-json\/wp\/v2\/types\/page"}],"author":[{"embeddable":true,"href":"https:\/\/combitrans.ee\/en\/wp-json\/wp\/v2\/users\/1"}],"replies":[{"embeddable":true,"href":"https:\/\/combitrans.ee\/en\/wp-json\/wp\/v2\/comments?post=4516"}],"version-history":[{"count":12,"href":"https:\/\/combitrans.ee\/en\/wp-json\/wp\/v2\/pages\/4516\/revisions"}],"predecessor-version":[{"id":5467,"href":"https:\/\/combitrans.ee\/en\/wp-json\/wp\/v2\/pages\/4516\/revisions\/5467"}],"wp:featuredmedia":[{"embeddable":true,"href":"https:\/\/combitrans.ee\/en\/wp-json\/wp\/v2\/media\/5077"}],"wp:attachment":[{"href":"https:\/\/combitrans.ee\/en\/wp-json\/wp\/v2\/media?parent=4516"}],"curies":[{"name":"wp","href":"https:\/\/api.w.org\/{rel}","templated":true}]}}